{"id":258,"date":"2015-04-03T20:44:45","date_gmt":"2015-04-04T02:44:45","guid":{"rendered":"http:\/\/pdelobos.com\/wp\/?page_id=258"},"modified":"2026-03-16T01:48:05","modified_gmt":"2026-03-16T01:48:05","slug":"precios","status":"publish","type":"page","link":"https:\/\/pdelobos.com\/pl\/precios\/","title":{"rendered":"PE\u00d1A DE LOBOS OFICIAL ,  PROMOCIONES Y DESCUENTOS"},"content":{"rendered":"<h2 style=\"text-align: center;\"><a href=\"http:\/\/pdelobos.com\/wp\/wp-content\/uploads\/2015\/04\/bosque-y-rayo-de-sol.jpg\"><img loading=\"lazy\" decoding=\"async\" class=\"alignnone size-full wp-image-285\" src=\"http:\/\/pdelobos.com\/wp\/wp-content\/uploads\/2015\/04\/bosque-y-rayo-de-sol.jpg\" alt=\"bosque y rayo de sol\" width=\"284\" height=\"177\" \/><\/a><\/h2>\n<p>&nbsp;<\/p>\n<h1 style=\"text-align: center;\"><strong>Informaci\u00f3n sobre Reservaciones y Precios 2026<br \/>\n<\/strong><\/h1>\n<h3 style=\"text-align: center;\">EN PE\u00d1A DE LOBOS TE RECIBIMOS ENTRE SEMANA Y FIN DE SEMANA<\/h3>\n<p style=\"text-align: center;\">NOS RESERVAMOS EL DERECHO DE ADMISI\u00d3N<\/p>\n<h3 style=\"text-align: center;\"><strong>EL HORARIO DE ATENCI\u00d3N ES DE 9 DE LA MA\u00d1ANA A 9 DE LA NOCHE<\/strong><\/h3>\n<h3 style=\"text-align: center;\">POR SEGURIDAD NO RECIBIMOS A NADIE DESPU\u00c9S DE LA HORA ESTABLECIDA , NI PERSONAS EN ESTADO INCONVENIENTE<\/h3>\n<h1 style=\"text-align: center;\">Tels.\u00a0 (591) 6900949, 5545934885 (SOLO WHATSAPP), 5669720058 (SOLO LLAMADAS)<\/h1>\n<p>&nbsp;<\/p>\n<p>&nbsp;<\/p>\n<h2 style=\"text-align: center;\">Correo Electr\u00f3nico: azul.lila@hotmail.com<\/h2>\n<h2 style=\"text-align: center;\">Mensaje de texto: 5669720058<\/h2>\n<h2 style=\"text-align: center;\">whatsApp:\u00a0 5545934885<\/h2>\n<h3><\/h3>\n<h3 style=\"text-align: center;\"><strong>NUESTROS PRECIOS SON POR NOCHE<\/strong><\/h3>\n<h3 style=\"text-align: center;\"><strong>2 DIAS 1 NOCHE<\/strong><\/h3>\n<p>&nbsp;<\/p>\n<h3>EN RELACI\u00d3N A LAS CABA\u00d1AS.<\/h3>\n<ul>\n<li>Nuestras caba\u00f1as tienen un costo<strong> a partir de\u00a0 6 personas\u00a0 de $200 por visitante, cada noche, respetando los cupos m\u00ednimos que cada una de las caba\u00f1as exige: <\/strong>con este precio contamos con caba\u00f1as para:6, 8, 10 , 12, 14 y hasta 20.<\/li>\n<\/ul>\n<p>Al llamar para hacer tu reservaci\u00f3n procura<strong> saber cuantos son exactamente<\/strong>, para recomendarte la caba\u00f1a adecuada al tama\u00f1o de tu grupo,\u00a0por que <strong>no hay cambios de ultima hora<\/strong>, \u00a0recuerda que si apartas caba\u00f1a para 8 y solo llegan 6 , <strong>debes cubrir el cupo m\u00ednimo<\/strong> <strong>que son 8<\/strong>, si el d\u00eda de tu visita llegan 9 <strong>todos pagan sus $200.00<\/strong> .<\/p>\n<ul>\n<li>De 3 a 6 personas, LA CABA\u00d1A<strong> te cuesta $1, 200.00.<\/strong><\/li>\n<li><strong>La caba\u00f1a chica (para parejas solas o hasta con 1 hijo peque\u00f1o) tiene un costo de $900 cuando te quedas una sola noche y baja a $800 cada noche cuando te quedas dos noches o m\u00e1s.<\/strong><\/li>\n<\/ul>\n<p style=\"text-align: center;\">Cada caba\u00f1a cuenta con hogar (chimenea), camas, colchones o colchonetas con sabanas y cobijas, WC, cocineta, comedor ,sala,\u00a0 posibilidad de ba\u00f1arse con\u00a0 agua caliente\u00a0 dentro de tu caba\u00f1a o en la regadera de los campamentos , zona de fogata, l\u00e1mpara de leds o de gas; <strong>la carga de le\u00f1a tiene un costo de $60.00<\/strong><\/p>\n<h3>Solo se recibe hasta las 9 de la noche con una tolerancia de 30 minutos, en caso de no llegar puntual se te cobrar\u00e1n $100.00 por cada hora o fracci\u00f3n despu\u00e9s de la hora l\u00edmite de recepci\u00f3n. Sin excepciones de ning\u00fan tipo.<\/h3>\n<ul>\n<li><b>SOLICITA INFORMACI\u00d3N PARA EVENTOS Y FIESTAS ESPECIALES.<\/b><\/li>\n<li>EL D\u00cdA DE CAMPO SE COBRA EN $50 POR PERSONA<\/li>\n<\/ul>\n<p>&nbsp;<\/p>\n<h3 style=\"text-align: center;\">EN RELACI\u00d3N A LOS CAMPAMENTOS.<\/h3>\n<p>&nbsp;<\/p>\n<h3 style=\"text-align: center;\">El costo de la noche en Campamento\u00a0 de $100.00 por persona, ustedes llevan su tienda.<\/h3>\n<p style=\"text-align: center;\">EL LUGAR EN CAMPAMENTO SE APARTA CON EL TOTAL DE LAS PERSONAS QUE SER\u00c1N Y EL TOTAL DE LAS NOCHES QUE SE QUEDAR\u00c1N.<\/p>\n<h4>El n\u00famero de cuenta para depositar es el 01651312346198 a nombre de Martha Ivette Silva Cabrera, si prefieres hacer transferencia bancaria el n\u00famero de cuenta clabe de 18 d\u00edgitos es 1271 8001 3123 46 1989 a nombre de la misma persona la cuenta es de Banco Azteca , puedes depositar en Elektra.<\/h4>\n<h4>Siempre debes hacer reservaci\u00f3n.<\/h4>\n<h4>ESCRIBE UN WHATSAPP AL 5545934885 O LLAMA\u00a0 AL 5669720058 y avisa de tu llegada para que se te aparte lugar.<\/h4>\n<p><strong>NO<\/strong> contamos con asadores , PERO SE TE RENTA BRACERO POR $100<\/p>\n<p>NO SE ADMITEN MASCOTAS<\/p>\n<p>Tenemos un <strong>reglamento<\/strong> que se debe respetar. Solic\u00edtalo al hacer tu reservaci\u00f3n<\/p>\n<p>Los ba\u00f1os son p\u00fablicos.<\/p>\n<p>La regadera tiene un costo de <strong>$100.00 por persona<\/strong> con agua caliente o $50.00 con agua fr\u00eda<strong>.<\/strong><\/p>\n<h3 style=\"text-align: center;\"><strong>Por su seguridad y la nuestra no se recibe a nadie sin reservaci\u00f3n y deposito, o despu\u00e9s de las 9 de la noche.<\/strong><\/h3>\n<p>&nbsp;<\/p>\n<h3 style=\"text-align: center;\"><strong>SOBRE LAS CANCELACIONES<\/strong><\/h3>\n<p style=\"text-align: center;\">NO HAY CANCELACIONES NI CAMBIOS DE \u00daLTIMO MINUTO<\/p>\n<h3 style=\"text-align: center;\">UNA VEZ HECHA LA RESERVACI\u00d3N LA CABA\u00d1A SE NIEGA A OTRA PERSONA POR QUE EST\u00c1 APARTADA PARA TI.<\/h3>\n<h2 style=\"text-align: center;\"><strong>Te recomendamos\u00a0 No deposites hasta tener la seguridad de que ninguno de tus invitados te quedar\u00e1 mal o cambiar\u00e1 de opini\u00f3n.<\/strong><\/h2>\n<h2 style=\"text-align: center;\"><strong>Y POR FAVOR TOMATE EL TIEMPO DE CHECAR \u00c9STA INFORMACI\u00d3N <\/strong><\/h2>\n<h2 style=\"text-align: center;\"><strong>NO GUARDAMOS DEP\u00d3SITOS INDEFINIDAMENTE BAJO NINGUNA CIRCUNSTANCIA<\/strong><\/h2>\n<h2 style=\"text-align: center;\"><strong style=\"font-size: 16px;\">EN RELACI\u00d3N A LAS ACTIVIDADES<\/strong><\/h2>\n<p>Somos de los pocos lugares cerca del D.F. que cuentan con Expediciones guiadas y seguras a sitios de belleza extrema.<\/p>\n<p>Noches de Investigaci\u00f3n Paranormal <strong>$300.00 p\/persona<\/strong><\/p>\n<p>Expedici\u00f3n Extrema al Espinazo del Diablo <strong>$150.00 p\/ persona<br \/>\n<\/strong><\/p>\n<p>Expedici\u00f3n a las Cascadas y sus Toboganes <strong>$150.00 p\/ persona<\/strong><\/p>\n<p>Expedici\u00f3n en Busca del Meteorito Perdido <strong>$85.00 p\/ persona<\/strong><\/p>\n<p>Expedici\u00f3n a la Cumbre de las \u00c1guilas <strong>$300.00 p\/ persona<br \/>\n<\/strong><\/p>\n<p>Expedici\u00f3n Nocturna en Busca de lo Sobrenatural <strong>$30.00 p\/ persona en caminata com\u00fan, $60.00 en caminata privada (solo para tu grupo) para la cual se requieren por lo menos 10 personas.<br \/>\n<\/strong><\/p>\n<p>Curso Sobre Hadas y Seres Ang\u00e9licos<\/p>\n<p><strong>$1, 500.00 <\/strong>(Fin de semana)<\/p>\n<p>Seminario de Excelencia Personal<\/p>\n<p><strong>$1, 500.00<\/strong> (Fin de semana)<\/p>\n<p>Iniciaci\u00f3n en la Medicina Cham\u00e1nica\u00a0 <strong>$3, 500.00 incluye lectura del campo \u00e1urico y purificaci\u00f3n por los cuatro elementos.<\/strong><\/p>\n<p>Lectura de mano $250 pesos (se requiere reservaci\u00f3n)<\/p>\n<p style=\"text-align: center;\">POR RECOMENDACI\u00d3N DE PROTECCI\u00d3N CIVIL TE SOLICITAMOS NO INTERNARTE EN LA MONTA\u00d1A SIN GU\u00cdA YA QUE PE\u00d1A DE LOBOS NO SE HACE RESPONSABLE POR AQUELLAS PERSONAS O GRUPOS QUE REALICEN EXPEDICIONES O CAMINATAS POR SU CUENTA.<\/p>\n<p style=\"text-align: center;\">TE RECOMENDAMOS ENCARECIDAMENTE QUE SI QUIERES CONOCER LA ZONA SOLICITES A LOS GU\u00cdAS CERTIFICADOS POR TURISMO ESTATAL Y MUNICIPAL.<\/p>\n<p style=\"text-align: center;\"><strong>OBJETIVOS GENERALES DE NUESTRAS ACTIVIDADES<\/strong><\/p>\n<ul>\n<li>Crear un ambiente apto para el desarrollo integral del individuo.<\/li>\n<li>\u00a0A nivel Grupal: fomentar la integraci\u00f3n, la sana convivencia, la ayuda mutua, el compa\u00f1erismo, la complicidad; recalcar la importancia del trabajo en equipo, as\u00ed como la de cada participante en la persecuci\u00f3n de un bien com\u00fan.<\/li>\n<li>\u00a0A nivel personal: Crear un ambiente dentro del cual el individuo pueda poner en pr\u00e1ctica el valor, la perseverancia, la disciplina, el sentido com\u00fan, el compa\u00f1erismo y la entrega.<\/li>\n<\/ul>\n<p><strong>OBJETIVOS ESPECIFICOS<\/strong><\/p>\n<ul>\n<li><strong>\u00a0<\/strong>Nuestras expediciones est\u00e1n planeadas para poner a la persona en situaciones fuera de lo com\u00fan, lo que los motiva a encarar sus miedos, fobias y aparentes limitaciones. De esta manera su autoestima crece en proporci\u00f3n igual a los retos y dificultades que vence.<\/li>\n<li>Al colocarlos en situaciones extremas el estr\u00e9s y la ansiedad son liberados, la persona aprende a controlar sus miedos, angustias e inhibiciones, <strong>&amp;<\/strong> en un ambiente de compa\u00f1erismo, uni\u00f3n e igualdad, donde todos tienen la misma importancia, oportunidades y objetivos.<\/li>\n<li>La camarader\u00eda que surge durante las expediciones crea fuertes lazos de identificaci\u00f3n y alianza entre los participantes.<\/li>\n<li>Al encontrarse en ambientes diferentes a los acostumbrados, la persona aprende m\u00e1s de si misma, la belleza ind\u00f3mita y agreste de la monta\u00f1a invita a la reflexi\u00f3n y al cambio positivo.<\/li>\n<li>Uno de nuestros objetivos principales es propiciar el retorno del individuo a la etapa m\u00e1s feliz de su vida, generalmente la infancia ayud\u00e1ndole a olvidarse por un instante de poses y comodidades innecesarias, preocupaciones, rutina, hast\u00edo y soledad.<\/li>\n<li>Sinti\u00e9ndose parte importante de un grupo, vive una aventura, un juego, que har\u00e1 que la energ\u00eda vital suba al 100% a pesar del esfuerzo f\u00edsico y cansancio que en este caso es terap\u00e9utico, al liberar adrenalina se sienten m\u00e1s relajados y con m\u00e1s animo para resolver las actividades cotidianas.<\/li>\n<\/ul>\n<p style=\"text-align: center;\">\u00a0<b>Pide informaci\u00f3n sobre nuestras actividades hol\u00edsticas.<\/b><\/p>\n<p><strong>En caso de requerir facturaci\u00f3n es necesario aumentar el 16%\u00a0 del IVA.<\/strong>\u00a0<strong>Para las actividades de senderismo requerimos el 50% de anticipo<\/strong><\/p>\n<p>&nbsp;<\/p>\n<h3 style=\"text-align: left;\">EN RELACI\u00d3N AL TRANSPORTE Y ESTACIONAMIENTO<\/h3>\n<p><strong>Estacionamiento $120.00 por coche por d\u00eda.<\/strong><\/p>\n<p>&nbsp;<\/p>\n<h3><strong>EN RELACION A LA SEGURIDAD<\/strong><\/h3>\n<p>Contamos con vigilancia de nuestro personal las 24 horas del d\u00eda.<\/p>\n<p>No recibimos personas que lleguen en estado de ebriedad.<\/p>\n<p>No recibimos personas sin reservaci\u00f3n\u00a0\u00a0 ni deposito.<\/p>\n<p>No se recibe a nadie mas all\u00e1 de las 9 de la noche ni antes de las 9 de la ma\u00f1ana.<\/p>\n<p>Totalmente prohibidos los globos de cantoya.<\/p>\n<p>Se exige respetar el reglamento.<\/p>\n<p>Nos reservamos el derecho de admisi\u00f3n.<\/p>\n<p>En caso necesario podemos recurrir al apoyo de seguridad publica municipal , estatal o federal seg\u00fan sea el caso.<\/p>\n<p>Si por la naturaleza de su visita requiere vigilancia especial en el caso de escuelas , grupos de ni\u00f1os o jovencitas, podemos cotizarle guardias privados.<\/p>\n<p>&nbsp;<\/p>\n<h3>COMO \u00a0RESERVAR<\/h3>\n<p>LOS NUMEROS DE CUENTA PARA DEPOSITAR ANTICIPOS DE CABA\u00d1A O CAMPAMENTOS SON:<\/p>\n<p><strong>01651312346198<\/strong> A NOMBRE DE MARTHA IVETTE SILVA CABRERA<\/p>\n<p>SI PREFIERES HACER TRANSFERENCIA BANCARIA EL NUMERO ES 127180013123461989<\/p>\n<p>CUENTA DE BANCO AZTECA , PUEDES DEPOSITAR EN ELEKTRA DE 9 AM A 9 PM.<\/p>\n<p>LLEGAR CON\u00a0EL BAUCHER DE TU ANTICIPO TE\u00a0ASEGURA QUE SERAS RECIBIDO.<\/p>\n<p><strong>Por favor, por educaci\u00f3n,\u00a0llama en horas adecuadas de 9 de la ma\u00f1ana a 9 de la noche<\/strong>.<\/p>\n<p><strong>Se recomienda hacer la reservaci\u00f3n 20 a 30\u00a0 d\u00edas antes, <\/strong>para poder elegir la caba\u00f1a y solicitar fotograf\u00edas, si la haces en \u00faltimo minuto o un d\u00eda antes de tu visita se te dar\u00e1 la caba\u00f1a que est\u00e9\u00a0disponible .<\/p>\n<p><strong>1.<\/strong> Llamas por tel\u00e9fono para saber si hay disponible caba\u00f1a para la fecha en que deseas ir, y el tama\u00f1o de tu grupo.<\/p>\n<p><strong>2.<\/strong> Te confirmo si hay lugar<\/p>\n<p><strong>3.<\/strong> Haces el deposito de un anticipo del 50% en Caba\u00f1a o del 100% en campamento.<\/p>\n<p><strong>4.<\/strong> Me env\u00edas el baucher o comprobante de transferencia v\u00eda WhatsApp , me incluyes tu nombre, la cantidad de personas que van , la fecha y la hora en que van a llegar. Y yo te env\u00edo los nombres de las personas que te van a recibir y la caba\u00f1a de administraci\u00f3n donde les vas a encontrar<\/p>\n<p><strong>5.<\/strong> Llegas a Pe\u00f1a de lobos, buscas a las personas indicadas, pagas el otro 50% y se te entrega tu caba\u00f1a. No olvides entregar una identificaci\u00f3n que se te devolver\u00e1 en el momento de tu salida.<\/p>\n<p><strong>6. Se te informa el reglamento<\/strong><\/p>\n<p><strong>7.<\/strong>\u00a0 Al otro d\u00eda , entregas la caba\u00f1a a la una de la tarde o 12 del d\u00eda dependiendo del administrador.<\/p>\n<p><strong>8\u00a0.<\/strong> Sacas tus cosas, me avisas que ya desocupaste<\/p>\n<p><strong>9.<\/strong> Reviso la caba\u00f1a.<\/p>\n<p><strong>10. En caso de haber causado alg\u00fan desperfecto o haber ensuciado de m\u00e1s camas, sillones, s\u00e1banas o cobijas, se te cobrar\u00e1 una cantidad de acuerdo al criterio del administrador. Una vez cubierto el costo, <\/strong>si todo est\u00e1 en orden ,\u00a0 se te devuelve tu identificaci\u00f3n.<\/p>\n<p><strong>10.<\/strong>\u00a0 Puedes retirarte .<\/p>\n","protected":false},"excerpt":{"rendered":"<p>&nbsp; Informaci\u00f3n sobre Reservaciones y Precios 2026 EN PE\u00d1A DE LOBOS TE RECIBIMOS ENTRE SEMANA Y FIN DE SEMANA NOS RESERVAMOS EL DERECHO DE ADMISI\u00d3N EL HORARIO DE ATENCI\u00d3N ES DE 9 DE LA MA\u00d1ANA A 9 DE LA NOCHE POR SEGURIDAD NO RECIBIMOS A NADIE DESPU\u00c9S DE LA HORA ESTABLECIDA , NI PERSONAS EN &hellip; <\/p>\n<p class=\"link-more\"><a href=\"https:\/\/pdelobos.com\/pl\/precios\/\" class=\"more-link\">Leer m\u00e1s<span class=\"screen-reader-text\"> \u00abPE\u00d1A DE LOBOS OFICIAL ,  PROMOCIONES Y DESCUENTOS\u00bb<\/span><\/a><\/p>\n","protected":false},"author":1,"featured_media":0,"parent":0,"menu_order":0,"comment_status":"closed","ping_status":"closed","template":"","meta":{"inspiro_hide_title":false,"footnotes":""},"class_list":["post-258","page","type-page","status-publish","hentry"],"_links":{"self":[{"href":"https:\/\/pdelobos.com\/pl\/wp-json\/wp\/v2\/pages\/258","targetHints":{"allow":["GET"]}}],"collection":[{"href":"https:\/\/pdelobos.com\/pl\/wp-json\/wp\/v2\/pages"}],"about":[{"href":"https:\/\/pdelobos.com\/pl\/wp-json\/wp\/v2\/types\/page"}],"author":[{"embeddable":true,"href":"https:\/\/pdelobos.com\/pl\/wp-json\/wp\/v2\/users\/1"}],"replies":[{"embeddable":true,"href":"https:\/\/pdelobos.com\/pl\/wp-json\/wp\/v2\/comments?post=258"}],"version-history":[{"count":1,"href":"https:\/\/pdelobos.com\/pl\/wp-json\/wp\/v2\/pages\/258\/revisions"}],"predecessor-version":[{"id":544,"href":"https:\/\/pdelobos.com\/pl\/wp-json\/wp\/v2\/pages\/258\/revisions\/544"}],"wp:attachment":[{"href":"https:\/\/pdelobos.com\/pl\/wp-json\/wp\/v2\/media?parent=258"}],"curies":[{"name":"wp","href":"https:\/\/api.w.org\/{rel}","templated":true}]}}