{"id":267,"date":"2015-04-03T22:32:56","date_gmt":"2015-04-04T04:32:56","guid":{"rendered":"http:\/\/pdelobos.com\/wp\/?page_id=267"},"modified":"2015-04-03T22:32:56","modified_gmt":"2015-04-04T04:32:56","slug":"turismo-paranormal","status":"publish","type":"page","link":"https:\/\/pdelobos.com\/pl\/turismo-paranormal\/","title":{"rendered":"Turismo Paranormal"},"content":{"rendered":"<h2><span style=\"color: #ff0000;\">PARTICIPA EN NUESTRAS NOCHES DE INVESTIGACION PARANORMAL<\/span><\/h2>\n<h2 style=\"text-align: justify;\">Si te gustan la emoci\u00f3n y el misterio, te invitamos a formar parte de la Noche de Caza Fantasmas, animate a visitar lugares de alta actividad paranormal ubicados en bosques, valles y caba\u00f1as de Pe\u00f1a de lobos. Donde serios investigadores del tema han captado psiocofon\u00edas, fotograf\u00edas y videos fantasmales.<\/h2>\n<h2 style=\"text-align: center;\">No te pierdas esta aterradora experiencia<\/h2>\n<h2 style=\"text-align: center;\"><span style=\"color: #ff0000;\">Informate a los telefonos:(591)6900949, y\u00a0 5545934885<br \/>\n<\/span><\/h2>\n<p style=\"text-align: center;\"><a href=\"https:\/\/pdelobos.com\/pl\/wp-content\/uploads\/2009\/08\/ninfa-luna-llena.jpg\"><img loading=\"lazy\" decoding=\"async\" class=\"alignnone size-medium wp-image-38\" src=\"https:\/\/pdelobos.com\/pl\/wp-content\/uploads\/2009\/08\/ninfa-luna-llena-258x300.jpg\" alt=\"ninfa luna llena\" width=\"258\" height=\"300\" \/><\/a><\/p>\n<h3><\/h3>\n<h3>En el centro de investigaci\u00f3n de medicinas alternativas y fen\u00f3menos OVNI y Paranormal con sede en nuestras caba\u00f1as se investiga de forma disiplinada y seria todas aquellas vertientes de pensamiento que aunque no pertenecen a la ciencia oficial, son parte del acervo cultural de la humanidad y merecen por lo tanto apertura de mente sin prejuicios.<\/h3>\n<h3 style=\"text-align: justify;\">Contamos con amplios programas que incluyen visitas a lugares m\u00e1gicos o misteriosos para conocer sus leyendas y tradiciones asi como los sucesos que en ellos ocurre.<br \/>\nEn Pe\u00f1a de Lobos efectuamos congresos y seminarios sobre medicina alternativa con Chamanes y Sanadores de todas partes del mundo, para conocer desde un punto de vista Antropol\u00f3gico sus rituales y sistemas de sanaci\u00f3n, con secciones de consultas para personas interesadas.<\/h3>\n<h3>Realizamos investigaciones multidisciplinarias agotando los medios para definir que existe de cierto en temas como:<\/h3>\n<ul>\n<li style=\"padding-left: 30px;\">\n<h3>Chamanismo.<\/h3>\n<\/li>\n<li style=\"padding-left: 30px;\">\n<h3>Parasicolog\u00eda.<\/h3>\n<\/li>\n<li style=\"padding-left: 30px;\">\n<h3>Fen\u00f3meno OVNI.<\/h3>\n<\/li>\n<li style=\"padding-left: 30px;\">\n<h3>Seres Ang\u00e9licos.<\/h3>\n<\/li>\n<li style=\"padding-left: 30px;\">\n<h3>Duendes.<\/h3>\n<\/li>\n<li style=\"padding-left: 30px;\">\n<h3>Hadas.<\/h3>\n<\/li>\n<li style=\"padding-left: 30px;\">\n<h3>Historia secreta de la humanidad.<\/h3>\n<\/li>\n<li style=\"padding-left: 30px;\">\n<h3>Y otros temas.<\/h3>\n<\/li>\n<\/ul>\n<h3 style=\"text-align: justify;\">En estas investigaciones se establece relaci\u00f3n con contactados, se presentan pruebas, videos y evidencia, se crean mesas de debate, ponencias y entrevistas y conferencias en donde se piden opiniones a cient\u00edficos e investigadores y se entrevistan a personas que han tenido experiencias para recabar datos, contamos con una amplia biblioteca de consulta y se tienen las puertas abiertas para quienes realicen investigaciones serias sobre estos temas.<br \/>\nEfectuamos en fechas determinadas y siguiendo tradiciones de todas las culturas, ceremonias de alianza con seres Ang\u00e9licos, Hadas y Elfos.<\/h3>\n<p><strong>Extranormal Pe\u00f1a de Lobos COMPLETO El caso mas escalofriante 16 enero 2011<\/strong><\/p>\n<p><center><iframe loading=\"lazy\" title=\"Extranormal Pe\u00f1a de Lobos COMPLETO El caso mas escalofriante 16 enero 2011\" width=\"950\" height=\"713\" src=\"https:\/\/www.youtube.com\/embed\/7T8Onp_f74E?feature=oembed\" frameborder=\"0\" allow=\"accelerometer; autoplay; clipboard-write; encrypted-media; gyroscope; picture-in-picture; web-share\" referrerpolicy=\"strict-origin-when-cross-origin\" allowfullscreen><\/iframe><\/p>\n<p>&nbsp;<\/p>\n<p>&nbsp;<\/p>\n<p>&nbsp;<\/p>\n<p>&nbsp;<\/p>\n<p>&nbsp;<\/p>\n<p>&nbsp;<\/p>\n<p>&nbsp;<\/p>\n<p><\/center>&nbsp;<\/p>\n<p style=\"text-align: justify;\">Una investigaci\u00f3n realizada el 15 de agosto del 2006 en Pe\u00f1a de Lobos de Xiloncigo en el estado de M\u00e9xico por la Agencia Mexicana de Investigaci\u00f3n Paranormal y el Centro Nacional de Paraciencias y sus agentes de negro en colaboraci\u00f3n con el Gordob\u00e9s.<\/p>\n<p><center><iframe loading=\"lazy\" title=\"Pe\u00f1a de Lobos y el Gordob\u00e9s\" width=\"950\" height=\"713\" src=\"https:\/\/www.youtube.com\/embed\/QGB56Vwasc0?feature=oembed\" frameborder=\"0\" allow=\"accelerometer; autoplay; clipboard-write; encrypted-media; gyroscope; picture-in-picture; web-share\" referrerpolicy=\"strict-origin-when-cross-origin\" allowfullscreen><\/iframe><\/p>\n<p>&nbsp;<\/p>\n<p>&nbsp;<\/p>\n<p>&nbsp;<\/p>\n<p>&nbsp;<\/p>\n<p>&nbsp;<\/p>\n<p>&nbsp;<\/p>\n<p>&nbsp;<\/p>\n<p><\/center>&nbsp;<\/p>\n<p style=\"text-align: justify;\">Extranormal historias a fondo pe\u00f1a de lobos<\/p>\n<p><center><iframe loading=\"lazy\" title=\"extranormal historias a fondo pe\u00f1a de lobos\" width=\"950\" height=\"713\" src=\"https:\/\/www.youtube.com\/embed\/j0HXeQAHgi4?feature=oembed\" frameborder=\"0\" allow=\"accelerometer; autoplay; clipboard-write; encrypted-media; gyroscope; picture-in-picture; web-share\" referrerpolicy=\"strict-origin-when-cross-origin\" allowfullscreen><\/iframe><\/p>\n<p>&nbsp;<\/p>\n<p>&nbsp;<\/p>\n<p>&nbsp;<\/p>\n<p>&nbsp;<\/p>\n<p>&nbsp;<\/p>\n<p>&nbsp;<\/p>\n<p>&nbsp;<\/p>\n<p><\/center>&nbsp;<\/p>\n<p style=\"text-align: justify;\">Escalando la Pe\u00f1a de Lobos<\/p>\n<p><center><iframe loading=\"lazy\" title=\"Escalando la pe\u00f1a de Lobos\" width=\"950\" height=\"534\" src=\"https:\/\/www.youtube.com\/embed\/vHfoRg2amFY?feature=oembed\" frameborder=\"0\" allow=\"accelerometer; autoplay; clipboard-write; encrypted-media; gyroscope; picture-in-picture; web-share\" referrerpolicy=\"strict-origin-when-cross-origin\" allowfullscreen><\/iframe><\/p>\n<p>&nbsp;<\/p>\n<p>&nbsp;<\/p>\n<p>&nbsp;<\/p>\n<p>&nbsp;<\/p>\n<p>&nbsp;<\/p>\n<p>&nbsp;<\/p>\n<p>&nbsp;<\/p>\n<p><\/center>&nbsp;<\/p>\n<p style=\"text-align: justify;\">Duendes y Hadas en Pe\u00f1a de Lobos<\/p>\n<p><center><iframe loading=\"lazy\" title=\"duendes y hadas en pe\u00f1a de lobos\" width=\"950\" height=\"713\" src=\"https:\/\/www.youtube.com\/embed\/fMeRTZocGeM?feature=oembed\" frameborder=\"0\" allow=\"accelerometer; autoplay; clipboard-write; encrypted-media; gyroscope; picture-in-picture; web-share\" referrerpolicy=\"strict-origin-when-cross-origin\" allowfullscreen><\/iframe><\/p>\n<p>&nbsp;<\/p>\n<p>&nbsp;<\/p>\n<p>&nbsp;<\/p>\n<p>&nbsp;<\/p>\n<p>&nbsp;<\/p>\n<p>&nbsp;<\/p>\n<p>&nbsp;<\/p>\n<p><\/center><\/p>\n","protected":false},"excerpt":{"rendered":"<p>PARTICIPA EN NUESTRAS NOCHES DE INVESTIGACION PARANORMAL Si te gustan la emoci\u00f3n y el misterio, te invitamos a formar parte de la Noche de Caza Fantasmas, animate a visitar lugares de alta actividad paranormal ubicados en bosques, valles y caba\u00f1as de Pe\u00f1a de lobos. Donde serios investigadores del tema han captado psiocofon\u00edas, fotograf\u00edas y videos &hellip; <\/p>\n<p class=\"link-more\"><a href=\"https:\/\/pdelobos.com\/pl\/turismo-paranormal\/\" class=\"more-link\">Leer m\u00e1s<span class=\"screen-reader-text\"> \u00abTurismo Paranormal\u00bb<\/span><\/a><\/p>\n","protected":false},"author":1,"featured_media":0,"parent":0,"menu_order":0,"comment_status":"closed","ping_status":"closed","template":"fullpage.php","meta":{"inspiro_hide_title":false,"footnotes":""},"class_list":["post-267","page","type-page","status-publish","hentry"],"_links":{"self":[{"href":"https:\/\/pdelobos.com\/pl\/wp-json\/wp\/v2\/pages\/267","targetHints":{"allow":["GET"]}}],"collection":[{"href":"https:\/\/pdelobos.com\/pl\/wp-json\/wp\/v2\/pages"}],"about":[{"href":"https:\/\/pdelobos.com\/pl\/wp-json\/wp\/v2\/types\/page"}],"author":[{"embeddable":true,"href":"https:\/\/pdelobos.com\/pl\/wp-json\/wp\/v2\/users\/1"}],"replies":[{"embeddable":true,"href":"https:\/\/pdelobos.com\/pl\/wp-json\/wp\/v2\/comments?post=267"}],"version-history":[{"count":0,"href":"https:\/\/pdelobos.com\/pl\/wp-json\/wp\/v2\/pages\/267\/revisions"}],"wp:attachment":[{"href":"https:\/\/pdelobos.com\/pl\/wp-json\/wp\/v2\/media?parent=267"}],"curies":[{"name":"wp","href":"https:\/\/api.w.org\/{rel}","templated":true}]}}