{"id":405,"date":"2016-04-12T12:56:49","date_gmt":"2016-04-12T17:56:49","guid":{"rendered":"http:\/\/pdelobos.com\/wp\/?page_id=405"},"modified":"2026-03-17T00:09:28","modified_gmt":"2026-03-17T00:09:28","slug":"temazcal","status":"publish","type":"page","link":"https:\/\/pdelobos.com\/pl\/precios\/temazcal\/","title":{"rendered":"Temazcal"},"content":{"rendered":"<h2 style=\"text-align: center;\"><a href=\"https:\/\/pdelobos.com\/pl\/wp-content\/uploads\/2016\/04\/44580_500943766613154_1774901272_n-copia-copia-2-copia.jpg\"><span style=\"color: #ffff00;\">REG\u00c1LATE\u00a0 ESTA MARAVILLOSA EXPERIENCIA<\/span><\/a><\/h2>\n<p>&nbsp;<\/p>\n<h3 style=\"text-align: center;\">VIVE CON TU PAREJA, FAMILIA O AMIGOS<\/h3>\n<h3 style=\"text-align: center;\">LOS BENEFICIOS F\u00cdSICOS Y ESPIRITUALES DEL TEMAZCAL,<\/h3>\n<h3 style=\"text-align: center;\">TRADICI\u00d3N MILENARIA.<\/h3>\n<h3 style=\"text-align: center;\">EN TU VISITA A PE\u00d1A DE LOBOS NO TE PIERDAS<\/h3>\n<h3 style=\"text-align: center;\">LA OPORTUNIDAD DE CONSENTIRTE Y CONSENTIR A LOS TUYOS<\/h3>\n<h3 style=\"text-align: center;\">ATENCI\u00d3N E INSTALACIONES DE PRIMERA CLASE.<\/h3>\n<h3 style=\"text-align: center;\">COMUNICATE PARA RESERVAR.<\/h3>\n<h1><\/h1>\n<h3><a href=\"https:\/\/pdelobos.com\/pl\/wp-content\/uploads\/2016\/04\/44580_500943766613154_1774901272_n-copia-copia-2-copia.jpg\"><img loading=\"lazy\" decoding=\"async\" class=\"wp-image-407 aligncenter\" src=\"https:\/\/pdelobos.com\/pl\/wp-content\/uploads\/2016\/04\/44580_500943766613154_1774901272_n-copia-copia-2-copia-300x225.jpg\" alt=\"44580_500943766613154_1774901272_n - copia - copia (2) - copia\" width=\"531\" height=\"398\" srcset=\"https:\/\/pdelobos.com\/pl\/wp-content\/uploads\/2016\/04\/44580_500943766613154_1774901272_n-copia-copia-2-copia-300x225.jpg 300w, https:\/\/pdelobos.com\/pl\/wp-content\/uploads\/2016\/04\/44580_500943766613154_1774901272_n-copia-copia-2-copia-768x576.jpg 768w, https:\/\/pdelobos.com\/pl\/wp-content\/uploads\/2016\/04\/44580_500943766613154_1774901272_n-copia-copia-2-copia.jpg 960w\" sizes=\"auto, (max-width: 531px) 100vw, 531px\" \/><\/a> <a href=\"https:\/\/pdelobos.com\/pl\/wp-content\/uploads\/2016\/04\/44760_500943769946487_715406732_n-copia-copia-copia.jpg\"><img loading=\"lazy\" decoding=\"async\" class=\"wp-image-408 aligncenter\" src=\"https:\/\/pdelobos.com\/pl\/wp-content\/uploads\/2016\/04\/44760_500943769946487_715406732_n-copia-copia-copia-225x300.jpg\" alt=\"44760_500943769946487_715406732_n - copia - copia - copia\" width=\"301\" height=\"402\" srcset=\"https:\/\/pdelobos.com\/pl\/wp-content\/uploads\/2016\/04\/44760_500943769946487_715406732_n-copia-copia-copia-225x300.jpg 225w, https:\/\/pdelobos.com\/pl\/wp-content\/uploads\/2016\/04\/44760_500943769946487_715406732_n-copia-copia-copia.jpg 720w\" sizes=\"auto, (max-width: 301px) 100vw, 301px\" \/><\/a><\/h3>\n<h3><a href=\"https:\/\/pdelobos.com\/pl\/wp-content\/uploads\/2016\/04\/154679_500943859946478_1586491965_n.jpg\"><img loading=\"lazy\" decoding=\"async\" class=\"wp-image-409 aligncenter\" src=\"https:\/\/pdelobos.com\/pl\/wp-content\/uploads\/2016\/04\/154679_500943859946478_1586491965_n-206x300.jpg\" alt=\"154679_500943859946478_1586491965_n\" width=\"348\" height=\"506\" srcset=\"https:\/\/pdelobos.com\/pl\/wp-content\/uploads\/2016\/04\/154679_500943859946478_1586491965_n-206x300.jpg 206w, https:\/\/pdelobos.com\/pl\/wp-content\/uploads\/2016\/04\/154679_500943859946478_1586491965_n.jpg 660w\" sizes=\"auto, (max-width: 348px) 100vw, 348px\" \/><\/a><\/h3>\n<h3><a href=\"https:\/\/pdelobos.com\/pl\/wp-content\/uploads\/2016\/04\/312759_500944049946459_1977439801_n.jpg\"><img loading=\"lazy\" decoding=\"async\" class=\"wp-image-412 aligncenter\" src=\"https:\/\/pdelobos.com\/pl\/wp-content\/uploads\/2016\/04\/312759_500944049946459_1977439801_n-225x300.jpg\" alt=\"312759_500944049946459_1977439801_n\" width=\"369\" height=\"492\" srcset=\"https:\/\/pdelobos.com\/pl\/wp-content\/uploads\/2016\/04\/312759_500944049946459_1977439801_n-225x300.jpg 225w, https:\/\/pdelobos.com\/pl\/wp-content\/uploads\/2016\/04\/312759_500944049946459_1977439801_n.jpg 720w\" sizes=\"auto, (max-width: 369px) 100vw, 369px\" \/><\/a><\/h3>\n<h3><a href=\"https:\/\/pdelobos.com\/pl\/wp-content\/uploads\/2016\/04\/215132_500944006613130_185178959_n.jpg\"><img loading=\"lazy\" decoding=\"async\" class=\"wp-image-410 aligncenter\" src=\"https:\/\/pdelobos.com\/pl\/wp-content\/uploads\/2016\/04\/215132_500944006613130_185178959_n-225x300.jpg\" alt=\"215132_500944006613130_185178959_n\" width=\"316\" height=\"421\" srcset=\"https:\/\/pdelobos.com\/pl\/wp-content\/uploads\/2016\/04\/215132_500944006613130_185178959_n-225x300.jpg 225w, https:\/\/pdelobos.com\/pl\/wp-content\/uploads\/2016\/04\/215132_500944006613130_185178959_n.jpg 720w\" sizes=\"auto, (max-width: 316px) 100vw, 316px\" \/><\/a> <a href=\"https:\/\/pdelobos.com\/pl\/wp-content\/uploads\/2016\/04\/288055_500903286617202_1152268265_o.jpg\"><img loading=\"lazy\" decoding=\"async\" class=\"alignnone wp-image-411 aligncenter\" src=\"https:\/\/pdelobos.com\/pl\/wp-content\/uploads\/2016\/04\/288055_500903286617202_1152268265_o-300x225.jpg\" alt=\"288055_500903286617202_1152268265_o\" width=\"400\" height=\"300\" srcset=\"https:\/\/pdelobos.com\/pl\/wp-content\/uploads\/2016\/04\/288055_500903286617202_1152268265_o-300x225.jpg 300w, https:\/\/pdelobos.com\/pl\/wp-content\/uploads\/2016\/04\/288055_500903286617202_1152268265_o-1024x768.jpg 1024w, https:\/\/pdelobos.com\/pl\/wp-content\/uploads\/2016\/04\/288055_500903286617202_1152268265_o-768x576.jpg 768w, https:\/\/pdelobos.com\/pl\/wp-content\/uploads\/2016\/04\/288055_500903286617202_1152268265_o.jpg 1375w\" sizes=\"auto, (max-width: 400px) 100vw, 400px\" \/><\/a>\u00a0 <a href=\"https:\/\/pdelobos.com\/pl\/wp-content\/uploads\/2016\/04\/429476_500943843279813_234479953_n.jpg\"><img loading=\"lazy\" decoding=\"async\" class=\"alignnone size-medium wp-image-413\" src=\"https:\/\/pdelobos.com\/pl\/wp-content\/uploads\/2016\/04\/429476_500943843279813_234479953_n-206x300.jpg\" alt=\"429476_500943843279813_234479953_n\" width=\"206\" height=\"300\" srcset=\"https:\/\/pdelobos.com\/pl\/wp-content\/uploads\/2016\/04\/429476_500943843279813_234479953_n-206x300.jpg 206w, https:\/\/pdelobos.com\/pl\/wp-content\/uploads\/2016\/04\/429476_500943843279813_234479953_n.jpg 660w\" sizes=\"auto, (max-width: 206px) 100vw, 206px\" \/><\/a><a href=\"https:\/\/pdelobos.com\/pl\/wp-content\/uploads\/2016\/04\/430896_500943999946464_143682388_n-copia-copia-copia.jpg\"><img loading=\"lazy\" decoding=\"async\" class=\"alignnone size-medium wp-image-414\" src=\"https:\/\/pdelobos.com\/pl\/wp-content\/uploads\/2016\/04\/430896_500943999946464_143682388_n-copia-copia-copia-225x300.jpg\" alt=\"430896_500943999946464_143682388_n - copia - copia - copia\" width=\"225\" height=\"300\" srcset=\"https:\/\/pdelobos.com\/pl\/wp-content\/uploads\/2016\/04\/430896_500943999946464_143682388_n-copia-copia-copia-225x300.jpg 225w, https:\/\/pdelobos.com\/pl\/wp-content\/uploads\/2016\/04\/430896_500943999946464_143682388_n-copia-copia-copia.jpg 720w\" sizes=\"auto, (max-width: 225px) 100vw, 225px\" \/><\/a> <a href=\"https:\/\/pdelobos.com\/pl\/wp-content\/uploads\/2016\/04\/530317_500943946613136_2106909860_n-copia-copia.jpg\"><img loading=\"lazy\" decoding=\"async\" class=\"alignnone wp-image-415\" src=\"https:\/\/pdelobos.com\/pl\/wp-content\/uploads\/2016\/04\/530317_500943946613136_2106909860_n-copia-copia-300x263.jpg\" alt=\"530317_500943946613136_2106909860_n - copia - copia\" width=\"341\" height=\"299\" srcset=\"https:\/\/pdelobos.com\/pl\/wp-content\/uploads\/2016\/04\/530317_500943946613136_2106909860_n-copia-copia-300x263.jpg 300w, https:\/\/pdelobos.com\/pl\/wp-content\/uploads\/2016\/04\/530317_500943946613136_2106909860_n-copia-copia-768x672.jpg 768w, https:\/\/pdelobos.com\/pl\/wp-content\/uploads\/2016\/04\/530317_500943946613136_2106909860_n-copia-copia.jpg 960w\" sizes=\"auto, (max-width: 341px) 100vw, 341px\" \/><\/a> <a href=\"https:\/\/pdelobos.com\/pl\/wp-content\/uploads\/2016\/04\/10171137_1034011626639696_4526103418991916820_n.jpg\"><img loading=\"lazy\" decoding=\"async\" class=\"alignnone wp-image-416\" src=\"https:\/\/pdelobos.com\/pl\/wp-content\/uploads\/2016\/04\/10171137_1034011626639696_4526103418991916820_n-300x240.jpg\" alt=\"10171137_1034011626639696_4526103418991916820_n\" width=\"434\" height=\"347\" srcset=\"https:\/\/pdelobos.com\/pl\/wp-content\/uploads\/2016\/04\/10171137_1034011626639696_4526103418991916820_n-300x240.jpg 300w, https:\/\/pdelobos.com\/pl\/wp-content\/uploads\/2016\/04\/10171137_1034011626639696_4526103418991916820_n.jpg 559w\" sizes=\"auto, (max-width: 434px) 100vw, 434px\" \/><\/a> <a href=\"https:\/\/pdelobos.com\/pl\/wp-content\/uploads\/2016\/04\/10537033_1034011533306372_6319835692737746317_n.jpg\"><img loading=\"lazy\" decoding=\"async\" class=\"alignnone wp-image-417\" src=\"https:\/\/pdelobos.com\/pl\/wp-content\/uploads\/2016\/04\/10537033_1034011533306372_6319835692737746317_n-300x263.jpg\" alt=\"10537033_1034011533306372_6319835692737746317_n\" width=\"396\" height=\"347\" srcset=\"https:\/\/pdelobos.com\/pl\/wp-content\/uploads\/2016\/04\/10537033_1034011533306372_6319835692737746317_n-300x263.jpg 300w, https:\/\/pdelobos.com\/pl\/wp-content\/uploads\/2016\/04\/10537033_1034011533306372_6319835692737746317_n.jpg 458w\" sizes=\"auto, (max-width: 396px) 100vw, 396px\" \/><\/a> <a href=\"https:\/\/pdelobos.com\/pl\/wp-content\/uploads\/2016\/04\/11882281_1034012656639593_7483623720315853798_o.jpg\"><img loading=\"lazy\" decoding=\"async\" class=\"alignnone wp-image-418\" src=\"https:\/\/pdelobos.com\/pl\/wp-content\/uploads\/2016\/04\/11882281_1034012656639593_7483623720315853798_o-300x186.jpg\" alt=\"11882281_1034012656639593_7483623720315853798_o\" width=\"453\" height=\"281\" srcset=\"https:\/\/pdelobos.com\/pl\/wp-content\/uploads\/2016\/04\/11882281_1034012656639593_7483623720315853798_o-300x186.jpg 300w, https:\/\/pdelobos.com\/pl\/wp-content\/uploads\/2016\/04\/11882281_1034012656639593_7483623720315853798_o-1024x634.jpg 1024w, https:\/\/pdelobos.com\/pl\/wp-content\/uploads\/2016\/04\/11882281_1034012656639593_7483623720315853798_o-768x475.jpg 768w, https:\/\/pdelobos.com\/pl\/wp-content\/uploads\/2016\/04\/11882281_1034012656639593_7483623720315853798_o.jpg 1036w\" sizes=\"auto, (max-width: 453px) 100vw, 453px\" \/><\/a> <a href=\"https:\/\/pdelobos.com\/pl\/wp-content\/uploads\/2016\/04\/Temazcal-tia-Judy-1.jpg\"><img loading=\"lazy\" decoding=\"async\" class=\"alignnone wp-image-419\" src=\"https:\/\/pdelobos.com\/pl\/wp-content\/uploads\/2016\/04\/Temazcal-tia-Judy-1-300x225.jpg\" alt=\"Temazcal tia Judy 1\" width=\"379\" height=\"284\" srcset=\"https:\/\/pdelobos.com\/pl\/wp-content\/uploads\/2016\/04\/Temazcal-tia-Judy-1-300x225.jpg 300w, https:\/\/pdelobos.com\/pl\/wp-content\/uploads\/2016\/04\/Temazcal-tia-Judy-1-768x576.jpg 768w, https:\/\/pdelobos.com\/pl\/wp-content\/uploads\/2016\/04\/Temazcal-tia-Judy-1.jpg 960w\" sizes=\"auto, (max-width: 379px) 100vw, 379px\" \/><\/a><\/h3>\n","protected":false},"excerpt":{"rendered":"<p>REG\u00c1LATE\u00a0 ESTA MARAVILLOSA EXPERIENCIA &nbsp; VIVE CON TU PAREJA, FAMILIA O AMIGOS LOS BENEFICIOS F\u00cdSICOS Y ESPIRITUALES DEL TEMAZCAL, TRADICI\u00d3N MILENARIA. EN TU VISITA A PE\u00d1A DE LOBOS NO TE PIERDAS LA OPORTUNIDAD DE CONSENTIRTE Y CONSENTIR A LOS TUYOS ATENCI\u00d3N E INSTALACIONES DE PRIMERA CLASE. COMUNICATE PARA RESERVAR. \u00a0<\/p>\n","protected":false},"author":2,"featured_media":0,"parent":258,"menu_order":0,"comment_status":"closed","ping_status":"closed","template":"","meta":{"inspiro_hide_title":false,"footnotes":""},"class_list":["post-405","page","type-page","status-publish","hentry"],"_links":{"self":[{"href":"https:\/\/pdelobos.com\/pl\/wp-json\/wp\/v2\/pages\/405","targetHints":{"allow":["GET"]}}],"collection":[{"href":"https:\/\/pdelobos.com\/pl\/wp-json\/wp\/v2\/pages"}],"about":[{"href":"https:\/\/pdelobos.com\/pl\/wp-json\/wp\/v2\/types\/page"}],"author":[{"embeddable":true,"href":"https:\/\/pdelobos.com\/pl\/wp-json\/wp\/v2\/users\/2"}],"replies":[{"embeddable":true,"href":"https:\/\/pdelobos.com\/pl\/wp-json\/wp\/v2\/comments?post=405"}],"version-history":[{"count":2,"href":"https:\/\/pdelobos.com\/pl\/wp-json\/wp\/v2\/pages\/405\/revisions"}],"predecessor-version":[{"id":720,"href":"https:\/\/pdelobos.com\/pl\/wp-json\/wp\/v2\/pages\/405\/revisions\/720"}],"up":[{"embeddable":true,"href":"https:\/\/pdelobos.com\/pl\/wp-json\/wp\/v2\/pages\/258"}],"wp:attachment":[{"href":"https:\/\/pdelobos.com\/pl\/wp-json\/wp\/v2\/media?parent=405"}],"curies":[{"name":"wp","href":"https:\/\/api.w.org\/{rel}","templated":true}]}}