{"id":426,"date":"2016-04-12T14:28:37","date_gmt":"2016-04-12T19:28:37","guid":{"rendered":"http:\/\/pdelobos.com\/wp\/?page_id=426"},"modified":"2026-03-16T04:48:22","modified_gmt":"2026-03-16T04:48:22","slug":"locaciones","status":"publish","type":"page","link":"https:\/\/pdelobos.com\/pl\/locaciones\/","title":{"rendered":"LOCACIONES"},"content":{"rendered":"<div id=\"pl-426\"  class=\"panel-layout\" ><div id=\"pg-426-0\"  class=\"panel-grid panel-has-style\" ><div class=\"panel-row-style panel-row-style-for-426-0\" ><div id=\"pgc-426-0-0\"  class=\"panel-grid-cell\" ><div id=\"panel-426-0-0-0\" class=\"widget_text so-panel widget widget_custom_html panel-first-child panel-last-child\" data-index=\"0\" ><div class=\"widget_text so-rounded panel-widget-style panel-widget-style-for-426-0-0-0\" ><div class=\"textwidget custom-html-widget\"><h3><span style=\"color: #ffff00;\">BUSCAS LOCACI\u00d3N PARA SESI\u00d3NES FOTOGR\u00c1FICAS, VIDEOHOMES, COMERCIALES, PEL\u00cdCULAS , TELENOVELAS, REVISTAS, CAT\u00c1LOGOS, ETC?<\/span><\/h3>\n<h3><span style=\"color: #ffff00;\">PRECIOS SEG\u00daN EL PROYECTO.<\/span><\/h3>\n<h3><span style=\"color: #ffff00;\">HERMOSOS PAISAJES: IMPONENTES BOSQUES , VERDES VALLES, CUMBRES CON VISTAS MAJESTUOSAS,\u00a0 RIOS, CASCADAS, LAGUNAS, PE\u00d1AS, CUEVAS, COLINAS, CA\u00d1ADAS,\u00a0 CAMINOS R\u00daSTICOS, INSTALACIONES TIPO WESTERN: CABA\u00d1AS R\u00daSTICAS, TEPE, ETC.<\/span><\/h3>\n<h3><span style=\"color: #ffff00;\">LLAMA A LOS TELEFONOS: 5545934885, 01(591)6900949<\/span><\/h3>\n<h3><span style=\"color: #ffff00;\">O ESCRIBE UN CORREO : azul.lila@hotmail.com<\/span><\/h3>\n\n<a href=\"https:\/\/pdelobos.com\/pl\/wp-content\/uploads\/2016\/04\/El-Manantial-y-la-laguna-014.jpg\">\n\t<img loading=\"lazy\" decoding=\"async\" class=\"alignnone size-medium wp-image-428\" src=\"https:\/\/pdelobos.com\/pl\/wp-content\/uploads\/2016\/04\/El-Manantial-y-la-laguna-014-300x225.jpg\" alt=\"El Manantial y la laguna 014\" width=\"300\" height=\"225\" srcset=\"https:\/\/pdelobos.com\/pl\/wp-content\/uploads\/2016\/04\/El-Manantial-y-la-laguna-014-300x225.jpg 300w, https:\/\/pdelobos.com\/pl\/wp-content\/uploads\/2016\/04\/El-Manantial-y-la-laguna-014-768x576.jpg 768w, https:\/\/pdelobos.com\/pl\/wp-content\/uploads\/2016\/04\/El-Manantial-y-la-laguna-014.jpg 1024w\" sizes=\"auto, (max-width: 300px) 100vw, 300px\" \/><\/a> \n\n<a href=\"https:\/\/pdelobos.com\/pl\/wp-content\/uploads\/2016\/04\/Imagenes-de-Ivi-159.jpg\"><img loading=\"lazy\" decoding=\"async\" class=\"alignnone size-medium wp-image-429\" src=\"https:\/\/pdelobos.com\/pl\/wp-content\/uploads\/2016\/04\/Imagenes-de-Ivi-159-300x225.jpg\" alt=\"Imagenes de Ivi 159\" width=\"300\" height=\"225\" srcset=\"https:\/\/pdelobos.com\/pl\/wp-content\/uploads\/2016\/04\/Imagenes-de-Ivi-159-300x225.jpg 300w, https:\/\/pdelobos.com\/pl\/wp-content\/uploads\/2016\/04\/Imagenes-de-Ivi-159-768x576.jpg 768w, https:\/\/pdelobos.com\/pl\/wp-content\/uploads\/2016\/04\/Imagenes-de-Ivi-159.jpg 1024w\" sizes=\"auto, (max-width: 300px) 100vw, 300px\" \/><\/a> \n\n<a href=\"https:\/\/pdelobos.com\/pl\/wp-content\/uploads\/2016\/04\/Imagenes-de-Ivi-172.jpg\"><img loading=\"lazy\" decoding=\"async\" class=\"alignnone size-medium wp-image-430\" src=\"https:\/\/pdelobos.com\/pl\/wp-content\/uploads\/2016\/04\/Imagenes-de-Ivi-172-300x225.jpg\" alt=\"Imagenes de Ivi 172\" width=\"300\" height=\"225\" srcset=\"https:\/\/pdelobos.com\/pl\/wp-content\/uploads\/2016\/04\/Imagenes-de-Ivi-172-300x225.jpg 300w, https:\/\/pdelobos.com\/pl\/wp-content\/uploads\/2016\/04\/Imagenes-de-Ivi-172-768x576.jpg 768w, https:\/\/pdelobos.com\/pl\/wp-content\/uploads\/2016\/04\/Imagenes-de-Ivi-172.jpg 1024w\" sizes=\"auto, (max-width: 300px) 100vw, 300px\" \/><\/a> \n\n<a href=\"https:\/\/pdelobos.com\/pl\/wp-content\/uploads\/2016\/04\/Imagenes-de-Ivi-265.jpg\"><img loading=\"lazy\" decoding=\"async\" class=\"alignnone size-medium wp-image-431\" src=\"https:\/\/pdelobos.com\/pl\/wp-content\/uploads\/2016\/04\/Imagenes-de-Ivi-265-300x225.jpg\" alt=\"Imagenes de Ivi 265\" width=\"300\" height=\"225\" srcset=\"https:\/\/pdelobos.com\/pl\/wp-content\/uploads\/2016\/04\/Imagenes-de-Ivi-265-300x225.jpg 300w, https:\/\/pdelobos.com\/pl\/wp-content\/uploads\/2016\/04\/Imagenes-de-Ivi-265-768x576.jpg 768w, https:\/\/pdelobos.com\/pl\/wp-content\/uploads\/2016\/04\/Imagenes-de-Ivi-265.jpg 1024w\" sizes=\"auto, (max-width: 300px) 100vw, 300px\" \/><\/a> \n\n<a href=\"https:\/\/pdelobos.com\/pl\/wp-content\/uploads\/2016\/04\/Imagenes-de-Ivi-313.jpg\"><img loading=\"lazy\" decoding=\"async\" class=\"alignnone wp-image-432\" src=\"https:\/\/pdelobos.com\/pl\/wp-content\/uploads\/2016\/04\/Imagenes-de-Ivi-313-300x225.jpg\" alt=\"Imagenes de Ivi 313\" width=\"340\" height=\"255\" srcset=\"https:\/\/pdelobos.com\/pl\/wp-content\/uploads\/2016\/04\/Imagenes-de-Ivi-313-300x225.jpg 300w, https:\/\/pdelobos.com\/pl\/wp-content\/uploads\/2016\/04\/Imagenes-de-Ivi-313-768x576.jpg 768w, https:\/\/pdelobos.com\/pl\/wp-content\/uploads\/2016\/04\/Imagenes-de-Ivi-313.jpg 1024w\" sizes=\"auto, (max-width: 340px) 100vw, 340px\" \/><\/a> \n\n<a href=\"https:\/\/pdelobos.com\/pl\/wp-content\/uploads\/2016\/04\/Imagenes-de-Ivi-320.jpg\"><img loading=\"lazy\" decoding=\"async\" class=\"alignnone wp-image-433\" src=\"https:\/\/pdelobos.com\/pl\/wp-content\/uploads\/2016\/04\/Imagenes-de-Ivi-320-300x225.jpg\" alt=\"Imagenes de Ivi 320\" width=\"343\" height=\"257\" srcset=\"https:\/\/pdelobos.com\/pl\/wp-content\/uploads\/2016\/04\/Imagenes-de-Ivi-320-300x225.jpg 300w, https:\/\/pdelobos.com\/pl\/wp-content\/uploads\/2016\/04\/Imagenes-de-Ivi-320-768x576.jpg 768w, https:\/\/pdelobos.com\/pl\/wp-content\/uploads\/2016\/04\/Imagenes-de-Ivi-320.jpg 1024w\" sizes=\"auto, (max-width: 343px) 100vw, 343px\" \/><\/a>\n\n<a href=\"https:\/\/pdelobos.com\/pl\/wp-content\/uploads\/2016\/04\/Imagenes-de-Ivi-355.jpg\"><img loading=\"lazy\" decoding=\"async\" class=\"alignnone wp-image-434\" src=\"https:\/\/pdelobos.com\/pl\/wp-content\/uploads\/2016\/04\/Imagenes-de-Ivi-355-300x225.jpg\" alt=\"Imagenes de Ivi 355\" width=\"353\" height=\"265\" srcset=\"https:\/\/pdelobos.com\/pl\/wp-content\/uploads\/2016\/04\/Imagenes-de-Ivi-355-300x225.jpg 300w, https:\/\/pdelobos.com\/pl\/wp-content\/uploads\/2016\/04\/Imagenes-de-Ivi-355-768x576.jpg 768w, https:\/\/pdelobos.com\/pl\/wp-content\/uploads\/2016\/04\/Imagenes-de-Ivi-355.jpg 1024w\" sizes=\"auto, (max-width: 353px) 100vw, 353px\" \/><\/a> \n\n<a href=\"https:\/\/pdelobos.com\/pl\/wp-content\/uploads\/2016\/04\/Paisajes-Penon-129-copia.jpg\"><img loading=\"lazy\" decoding=\"async\" class=\"alignnone wp-image-437\" src=\"https:\/\/pdelobos.com\/pl\/wp-content\/uploads\/2016\/04\/Paisajes-Penon-129-copia-300x225.jpg\" alt=\"Paisajes Pe\u00f1on 129 - copia\" width=\"361\" height=\"271\" srcset=\"https:\/\/pdelobos.com\/pl\/wp-content\/uploads\/2016\/04\/Paisajes-Penon-129-copia-300x225.jpg 300w, https:\/\/pdelobos.com\/pl\/wp-content\/uploads\/2016\/04\/Paisajes-Penon-129-copia-1024x768.jpg 1024w, https:\/\/pdelobos.com\/pl\/wp-content\/uploads\/2016\/04\/Paisajes-Penon-129-copia-768x576.jpg 768w, https:\/\/pdelobos.com\/pl\/wp-content\/uploads\/2016\/04\/Paisajes-Penon-129-copia.jpg 1500w\" sizes=\"auto, (max-width: 361px) 100vw, 361px\" \/><\/a>\n\n<a href=\"https:\/\/pdelobos.com\/pl\/wp-content\/uploads\/2016\/04\/Imagenes-de-Ivi-363-copia-copia.jpg\"><img loading=\"lazy\" decoding=\"async\" class=\"alignnone size-medium wp-image-435\" src=\"https:\/\/pdelobos.com\/pl\/wp-content\/uploads\/2016\/04\/Imagenes-de-Ivi-363-copia-copia-225x300.jpg\" alt=\"Imagenes de Ivi 363 - copia - copia\" width=\"225\" height=\"300\" srcset=\"https:\/\/pdelobos.com\/pl\/wp-content\/uploads\/2016\/04\/Imagenes-de-Ivi-363-copia-copia-225x300.jpg 225w, https:\/\/pdelobos.com\/pl\/wp-content\/uploads\/2016\/04\/Imagenes-de-Ivi-363-copia-copia.jpg 768w\" sizes=\"auto, (max-width: 225px) 100vw, 225px\" \/><\/a> \n\n<a href=\"https:\/\/pdelobos.com\/pl\/wp-content\/uploads\/2016\/04\/Imagenes-de-Ivi-378-copia.jpg\"><img loading=\"lazy\" decoding=\"async\" class=\"alignnone size-medium wp-image-436\" src=\"https:\/\/pdelobos.com\/pl\/wp-content\/uploads\/2016\/04\/Imagenes-de-Ivi-378-copia-225x300.jpg\" alt=\"Imagenes de Ivi 378 - copia\" width=\"225\" height=\"300\" srcset=\"https:\/\/pdelobos.com\/pl\/wp-content\/uploads\/2016\/04\/Imagenes-de-Ivi-378-copia-225x300.jpg 225w, https:\/\/pdelobos.com\/pl\/wp-content\/uploads\/2016\/04\/Imagenes-de-Ivi-378-copia-768x1024.jpg 768w, https:\/\/pdelobos.com\/pl\/wp-content\/uploads\/2016\/04\/Imagenes-de-Ivi-378-copia-1152x1536.jpg 1152w, https:\/\/pdelobos.com\/pl\/wp-content\/uploads\/2016\/04\/Imagenes-de-Ivi-378-copia.jpg 1500w\" sizes=\"auto, (max-width: 225px) 100vw, 225px\" \/><\/a>\u00a0\n\n<a href=\"https:\/\/pdelobos.com\/pl\/wp-content\/uploads\/2016\/04\/Rio-de-Mado-058.jpg\"><img loading=\"lazy\" decoding=\"async\" class=\"alignnone size-medium wp-image-439\" src=\"https:\/\/pdelobos.com\/pl\/wp-content\/uploads\/2016\/04\/Rio-de-Mado-058-225x300.jpg\" alt=\"R\u00edo de Mad\u00f2 058\" width=\"225\" height=\"300\" srcset=\"https:\/\/pdelobos.com\/pl\/wp-content\/uploads\/2016\/04\/Rio-de-Mado-058-225x300.jpg 225w, https:\/\/pdelobos.com\/pl\/wp-content\/uploads\/2016\/04\/Rio-de-Mado-058.jpg 768w\" sizes=\"auto, (max-width: 225px) 100vw, 225px\" \/><\/a>\u00a0 \n\n<a href=\"https:\/\/pdelobos.com\/pl\/wp-content\/uploads\/2016\/04\/Paisajes-Penon-138-copia.jpg\"><img loading=\"lazy\" decoding=\"async\" class=\"alignnone size-medium wp-image-441\" src=\"https:\/\/pdelobos.com\/pl\/wp-content\/uploads\/2016\/04\/Paisajes-Penon-138-copia-225x300.jpg\" alt=\"Paisajes Pe\u00f1on 138 - copia\" width=\"225\" height=\"300\" srcset=\"https:\/\/pdelobos.com\/pl\/wp-content\/uploads\/2016\/04\/Paisajes-Penon-138-copia-225x300.jpg 225w, https:\/\/pdelobos.com\/pl\/wp-content\/uploads\/2016\/04\/Paisajes-Penon-138-copia-768x1024.jpg 768w, https:\/\/pdelobos.com\/pl\/wp-content\/uploads\/2016\/04\/Paisajes-Penon-138-copia-1152x1536.jpg 1152w, https:\/\/pdelobos.com\/pl\/wp-content\/uploads\/2016\/04\/Paisajes-Penon-138-copia.jpg 1500w\" sizes=\"auto, (max-width: 225px) 100vw, 225px\" \/><\/a>\n\n<a href=\"https:\/\/pdelobos.com\/pl\/wp-content\/uploads\/2016\/04\/Paisajes-Penon-140-copia.jpg\"><img loading=\"lazy\" decoding=\"async\" class=\"alignnone size-medium wp-image-442\" src=\"https:\/\/pdelobos.com\/pl\/wp-content\/uploads\/2016\/04\/Paisajes-Penon-140-copia-225x300.jpg\" alt=\"Paisajes Pe\u00f1on 140 - copia\" width=\"225\" height=\"300\" srcset=\"https:\/\/pdelobos.com\/pl\/wp-content\/uploads\/2016\/04\/Paisajes-Penon-140-copia-225x300.jpg 225w, https:\/\/pdelobos.com\/pl\/wp-content\/uploads\/2016\/04\/Paisajes-Penon-140-copia-768x1024.jpg 768w, https:\/\/pdelobos.com\/pl\/wp-content\/uploads\/2016\/04\/Paisajes-Penon-140-copia-1152x1536.jpg 1152w, https:\/\/pdelobos.com\/pl\/wp-content\/uploads\/2016\/04\/Paisajes-Penon-140-copia-1536x2048.jpg 1536w, https:\/\/pdelobos.com\/pl\/wp-content\/uploads\/2016\/04\/Paisajes-Penon-140-copia-scaled.jpg 1920w\" sizes=\"auto, (max-width: 225px) 100vw, 225px\" \/><\/a>\n\n<a href=\"https:\/\/pdelobos.com\/pl\/wp-content\/uploads\/2016\/04\/Rio-de-Mado-058-copia.jpg\"><img loading=\"lazy\" decoding=\"async\" class=\"alignnone size-medium wp-image-444\" src=\"https:\/\/pdelobos.com\/pl\/wp-content\/uploads\/2016\/04\/Rio-de-Mado-058-copia-225x300.jpg\" alt=\"R\u00edo de Mad\u00f2 058 - copia\" width=\"225\" height=\"300\" srcset=\"https:\/\/pdelobos.com\/pl\/wp-content\/uploads\/2016\/04\/Rio-de-Mado-058-copia-225x300.jpg 225w, https:\/\/pdelobos.com\/pl\/wp-content\/uploads\/2016\/04\/Rio-de-Mado-058-copia.jpg 768w\" sizes=\"auto, (max-width: 225px) 100vw, 225px\" \/><\/a>\n\n<a href=\"https:\/\/pdelobos.com\/pl\/wp-content\/uploads\/2016\/04\/Paisajes-Penon-192-copia.jpg\"><img loading=\"lazy\" decoding=\"async\" class=\"alignnone wp-image-438\" src=\"https:\/\/pdelobos.com\/pl\/wp-content\/uploads\/2016\/04\/Paisajes-Penon-192-copia-300x225.jpg\" alt=\"Paisajes Pe\u00f1on 192 - copia\" width=\"343\" height=\"257\" srcset=\"https:\/\/pdelobos.com\/pl\/wp-content\/uploads\/2016\/04\/Paisajes-Penon-192-copia-300x225.jpg 300w, https:\/\/pdelobos.com\/pl\/wp-content\/uploads\/2016\/04\/Paisajes-Penon-192-copia-1024x768.jpg 1024w, https:\/\/pdelobos.com\/pl\/wp-content\/uploads\/2016\/04\/Paisajes-Penon-192-copia-768x576.jpg 768w, https:\/\/pdelobos.com\/pl\/wp-content\/uploads\/2016\/04\/Paisajes-Penon-192-copia-1536x1152.jpg 1536w, https:\/\/pdelobos.com\/pl\/wp-content\/uploads\/2016\/04\/Paisajes-Penon-192-copia.jpg 2000w\" sizes=\"auto, (max-width: 343px) 100vw, 343px\" \/><\/a> \n\n<a href=\"https:\/\/pdelobos.com\/pl\/wp-content\/uploads\/2016\/04\/Imagenes-de-Ivi-406-copia.jpg\"><img loading=\"lazy\" decoding=\"async\" class=\"alignnone wp-image-440\" src=\"https:\/\/pdelobos.com\/pl\/wp-content\/uploads\/2016\/04\/Imagenes-de-Ivi-406-copia-300x225.jpg\" alt=\"Imagenes de Ivi 406 - copia\" width=\"342\" height=\"256\" srcset=\"https:\/\/pdelobos.com\/pl\/wp-content\/uploads\/2016\/04\/Imagenes-de-Ivi-406-copia-300x225.jpg 300w, https:\/\/pdelobos.com\/pl\/wp-content\/uploads\/2016\/04\/Imagenes-de-Ivi-406-copia-1024x768.jpg 1024w, https:\/\/pdelobos.com\/pl\/wp-content\/uploads\/2016\/04\/Imagenes-de-Ivi-406-copia-768x576.jpg 768w, https:\/\/pdelobos.com\/pl\/wp-content\/uploads\/2016\/04\/Imagenes-de-Ivi-406-copia.jpg 1500w\" sizes=\"auto, (max-width: 342px) 100vw, 342px\" \/><\/a> \n\n<a href=\"https:\/\/pdelobos.com\/pl\/wp-content\/uploads\/2016\/04\/Paisajes-Penon-183-copia.jpg\"><img loading=\"lazy\" decoding=\"async\" class=\"alignnone size-medium wp-image-443\" src=\"https:\/\/pdelobos.com\/pl\/wp-content\/uploads\/2016\/04\/Paisajes-Penon-183-copia-300x225.jpg\" alt=\"Paisajes Pe\u00f1on 183 - copia\" width=\"300\" height=\"225\" srcset=\"https:\/\/pdelobos.com\/pl\/wp-content\/uploads\/2016\/04\/Paisajes-Penon-183-copia-300x225.jpg 300w, https:\/\/pdelobos.com\/pl\/wp-content\/uploads\/2016\/04\/Paisajes-Penon-183-copia-1024x768.jpg 1024w, https:\/\/pdelobos.com\/pl\/wp-content\/uploads\/2016\/04\/Paisajes-Penon-183-copia-768x576.jpg 768w, https:\/\/pdelobos.com\/pl\/wp-content\/uploads\/2016\/04\/Paisajes-Penon-183-copia-1536x1152.jpg 1536w, https:\/\/pdelobos.com\/pl\/wp-content\/uploads\/2016\/04\/Paisajes-Penon-183-copia.jpg 2000w\" sizes=\"auto, (max-width: 300px) 100vw, 300px\" \/><\/a>\n\n&nbsp;<\/div><\/div><\/div><\/div><\/div><\/div><\/div>","protected":false},"excerpt":{"rendered":"<p>BUSCAS LOCACI\u00d3N PARA SESI\u00d3NES FOTOGR\u00c1FICAS, VIDEOHOMES, COMERCIALES, PEL\u00cdCULAS , TELENOVELAS, REVISTAS, CAT\u00c1LOGOS, ETC? PRECIOS SEG\u00daN EL PROYECTO. HERMOSOS PAISAJES: IMPONENTES BOSQUES , VERDES VALLES, CUMBRES CON VISTAS MAJESTUOSAS,\u00a0 RIOS, CASCADAS, LAGUNAS, PE\u00d1AS, CUEVAS, COLINAS, CA\u00d1ADAS,\u00a0 CAMINOS R\u00daSTICOS, INSTALACIONES TIPO WESTERN: CABA\u00d1AS R\u00daSTICAS, TEPE, ETC. LLAMA A LOS TELEFONOS: 5545934885, 01(591)6900949 O ESCRIBE UN CORREO : &hellip; <\/p>\n<p class=\"link-more\"><a href=\"https:\/\/pdelobos.com\/pl\/locaciones\/\" class=\"more-link\">Leer m\u00e1s<span class=\"screen-reader-text\"> \u00abLOCACIONES\u00bb<\/span><\/a><\/p>\n","protected":false},"author":2,"featured_media":0,"parent":0,"menu_order":0,"comment_status":"closed","ping_status":"closed","template":"","meta":{"inspiro_hide_title":false,"footnotes":""},"class_list":["post-426","page","type-page","status-publish","hentry"],"_links":{"self":[{"href":"https:\/\/pdelobos.com\/pl\/wp-json\/wp\/v2\/pages\/426","targetHints":{"allow":["GET"]}}],"collection":[{"href":"https:\/\/pdelobos.com\/pl\/wp-json\/wp\/v2\/pages"}],"about":[{"href":"https:\/\/pdelobos.com\/pl\/wp-json\/wp\/v2\/types\/page"}],"author":[{"embeddable":true,"href":"https:\/\/pdelobos.com\/pl\/wp-json\/wp\/v2\/users\/2"}],"replies":[{"embeddable":true,"href":"https:\/\/pdelobos.com\/pl\/wp-json\/wp\/v2\/comments?post=426"}],"version-history":[{"count":8,"href":"https:\/\/pdelobos.com\/pl\/wp-json\/wp\/v2\/pages\/426\/revisions"}],"predecessor-version":[{"id":662,"href":"https:\/\/pdelobos.com\/pl\/wp-json\/wp\/v2\/pages\/426\/revisions\/662"}],"wp:attachment":[{"href":"https:\/\/pdelobos.com\/pl\/wp-json\/wp\/v2\/media?parent=426"}],"curies":[{"name":"wp","href":"https:\/\/api.w.org\/{rel}","templated":true}]}}