{"id":663,"date":"2026-03-16T04:53:07","date_gmt":"2026-03-16T04:53:07","guid":{"rendered":"https:\/\/pdelobos.com\/pl\/?page_id=663"},"modified":"2026-03-16T23:25:13","modified_gmt":"2026-03-16T23:25:13","slug":"cuidado-con-los-fraudes-2","status":"publish","type":"page","link":"https:\/\/pdelobos.com\/pl\/","title":{"rendered":"CUIDADO CON LOS FRAUDES"},"content":{"rendered":"<div id=\"pl-663\"  class=\"panel-layout\" ><div id=\"pg-663-0\"  class=\"panel-grid panel-has-style\" ><div class=\"panel-row-style panel-row-style-for-663-0\" ><div id=\"pgc-663-0-0\"  class=\"panel-grid-cell\" ><div id=\"panel-663-0-0-0\" class=\"widget_text so-panel widget widget_custom_html panel-first-child panel-last-child\" data-index=\"0\" ><div class=\"widget_text so-rounded panel-widget-style panel-widget-style-for-663-0-0-0\" ><div class=\"textwidget custom-html-widget\"><h3 style=\"text-align: center;\"><\/h3>\n<h2 style=\"text-align: center;\">A V I S O<\/h2>\n<h3 style=\"text-align: center;\"><span style=\"font-family: Tahoma; font-size: medium;\">PE\u00d1A DE LOBOS , ES UNA MARCA REGISTRADA ANTE EL INSTITUTO MEXICANO DE LA PROPIEDAD INDUSTRIAL\u00a0<\/span><\/h3>\n<h3 style=\"text-align: center;\"><span style=\"font-family: Tahoma; font-size: medium;\"> CUYA SEDE EST\u00c1 EN EL km. 52.5 DE LA CARRETERA NAUCALPAN IXTLAHUACA,\u00a0 ESTA MARCA AMPARA UN CORREDOR TUR\u00cdSTICO EN JILOTZINGO, NUESTRA INTENCI\u00d3N ES FOMENTAR EL TURISMO ECOL\u00d3GICO EN EL ESTADO DE M\u00c9XICO.<\/span><\/h3>\n&nbsp;\n<h3 style=\"text-align: center;\">LA LEGI\u00d3N ECOL\u00d3GICA QUETZALCOATL, A.C. , ASOCIACI\u00d3N CIVIL SIN FINES DE LUCRO, NOS RESPALDA.<\/h3>\n<h2 style=\"text-align: center;\"><\/h2>\n<h2 style=\"text-align: center;\"><strong>IMPORTANTE<\/strong><\/h2>\n<h3 style=\"text-align: center;\"><strong>AL SER DUE\u00d1OS DE LA MARCA REGISTRADA DECLARAMOS QUE CUALQUIER PERSONA QUE UTILICE LA MISMA SIN NUESTRA AUTORIZACI\u00d3N EN CUALQUIER MEDIO DIGITAL O EN REDES SOCIALES INCURRE EN DELITO Y TENDR\u00c1 QUE ATENERSE A LAS CONSECUENCIAS LEGALES EN QUE ESTO DERIVE.<\/strong><\/h3>\n&nbsp;<\/div><\/div><\/div><\/div><\/div><\/div><\/div>","protected":false},"excerpt":{"rendered":"<p>A V I S O PE\u00d1A DE LOBOS , ES UNA MARCA REGISTRADA ANTE EL INSTITUTO MEXICANO DE LA PROPIEDAD INDUSTRIAL\u00a0 CUYA SEDE EST\u00c1 EN EL km. 52.5 DE LA CARRETERA NAUCALPAN IXTLAHUACA,\u00a0 ESTA MARCA AMPARA UN CORREDOR TUR\u00cdSTICO EN JILOTZINGO, NUESTRA INTENCI\u00d3N ES FOMENTAR EL TURISMO ECOL\u00d3GICO EN EL ESTADO DE M\u00c9XICO. &nbsp; LA &hellip; <\/p>\n<p class=\"link-more\"><a href=\"https:\/\/pdelobos.com\/pl\/\" class=\"more-link\">Leer m\u00e1s<span class=\"screen-reader-text\"> \u00abCUIDADO CON LOS FRAUDES\u00bb<\/span><\/a><\/p>\n","protected":false},"author":1,"featured_media":0,"parent":0,"menu_order":0,"comment_status":"closed","ping_status":"closed","template":"","meta":{"inspiro_hide_title":false,"footnotes":""},"class_list":["post-663","page","type-page","status-publish","hentry"],"_links":{"self":[{"href":"https:\/\/pdelobos.com\/pl\/wp-json\/wp\/v2\/pages\/663","targetHints":{"allow":["GET"]}}],"collection":[{"href":"https:\/\/pdelobos.com\/pl\/wp-json\/wp\/v2\/pages"}],"about":[{"href":"https:\/\/pdelobos.com\/pl\/wp-json\/wp\/v2\/types\/page"}],"author":[{"embeddable":true,"href":"https:\/\/pdelobos.com\/pl\/wp-json\/wp\/v2\/users\/1"}],"replies":[{"embeddable":true,"href":"https:\/\/pdelobos.com\/pl\/wp-json\/wp\/v2\/comments?post=663"}],"version-history":[{"count":3,"href":"https:\/\/pdelobos.com\/pl\/wp-json\/wp\/v2\/pages\/663\/revisions"}],"predecessor-version":[{"id":707,"href":"https:\/\/pdelobos.com\/pl\/wp-json\/wp\/v2\/pages\/663\/revisions\/707"}],"wp:attachment":[{"href":"https:\/\/pdelobos.com\/pl\/wp-json\/wp\/v2\/media?parent=663"}],"curies":[{"name":"wp","href":"https:\/\/api.w.org\/{rel}","templated":true}]}}