{"id":688,"date":"2026-03-16T05:19:06","date_gmt":"2026-03-16T05:19:06","guid":{"rendered":"https:\/\/pdelobos.com\/pl\/?page_id=688"},"modified":"2026-03-17T00:02:45","modified_gmt":"2026-03-17T00:02:45","slug":"machote-2","status":"publish","type":"page","link":"https:\/\/pdelobos.com\/pl\/machote-2\/","title":{"rendered":"Expedici\u00f3n al Espinazo del Diablo en Pe\u00f1a de lobos-"},"content":{"rendered":"<div id=\"pl-688\"  class=\"panel-layout\" ><div id=\"pg-688-0\"  class=\"panel-grid panel-has-style\" ><div class=\"panel-row-style panel-row-style-for-688-0\" ><div id=\"pgc-688-0-0\"  class=\"panel-grid-cell\" ><div id=\"panel-688-0-0-0\" class=\"widget_text so-panel widget widget_custom_html panel-first-child panel-last-child\" data-index=\"0\" ><div class=\"widget_text so-rounded panel-widget-style panel-widget-style-for-688-0-0-0\" ><div class=\"textwidget custom-html-widget\"><h2 align=\"center\"><span style=\"color: #ffff00;\">EL VIDEO DE LA EXPEDICI\u00d3N AL ESPINAZO DEL DIABLO<\/span><\/h2>\n<p>Por Martha Ivette Silva<\/p>\n<h3>Que quede claro que \u00e9ste es el \"Espinazo del Diablo\" de Jilotzingo. Una de  las opciones que te ofrece Pe\u00f1a de Lobos en Aventura Extrema, si te gusta el deporte y la diversion sana llama para mayores informes al Tel  56 80 76 33.<br>\n\"Quitemos la idea de que Pe\u00f1a de lobos es un lugar para  destrampe y borracheras, TENEMOS MUCHO QUE OFRECER A GENTE INTELIGENTE Y SANA\".<\/h3>\n\n<h3>Una  de las Aventuras que Pe\u00f1a de Lobos te ofrece, todas nuestras expedici\u00f3nes son creadas y puestas en marcha por profesionales en psicopedagog\u00eda, psicolog\u00eda, terapias alternativas, desarrollo humano, y trabajo social, y tienen objetivos especificos muy bien definidos.<\/h3>\n\n<h3>No  pongas tu vida y la de tu familia o amigos en manos de gente sin  escrupulos que desconoce la zona, o de campesinos desconsiderados y  ladinos que solo abusan de ti  y en caso de accidente te dejan a tu  suerte.<\/h3>\n<h3>Nosotros contamos con gu\u00edas expertos y personal altamente competente y responsable.<\/h3>\n<h3>Las  Aventuras Extremas en medio de la Naturaleza no son un juego, recuerda que en el ecosistema de alta monta\u00f1a lo menos grave que te puede suceder es perderte, no te arriesgues a sufrir accidentes graves en manos de embaucadores.<\/h3>\n<\/div><\/div><\/div><\/div><\/div><\/div><div id=\"pg-688-1\"  class=\"panel-grid panel-no-style\" ><div id=\"pgc-688-1-0\"  class=\"panel-grid-cell\" ><div id=\"panel-688-1-0-0\" class=\"widget_text so-panel widget widget_custom_html panel-first-child panel-last-child\" data-index=\"1\" ><div class=\"widget_text so-rounded panel-widget-style panel-widget-style-for-688-1-0-0\" ><div class=\"textwidget custom-html-widget\"><center>Parte 1<\/center><hr>\n\n<iframe loading=\"lazy\" width=\"988\" height=\"741\" src=\"https:\/\/www.youtube.com\/embed\/5kwXNMkgnzI\" title=\"Pe\u00f1a de Lobos&quot;Expedicion al Espinazo del Diablo&quot; parte 1\" frameborder=\"0\" allow=\"accelerometer; autoplay; clipboard-write; encrypted-media; gyroscope; picture-in-picture; web-share\" referrerpolicy=\"strict-origin-when-cross-origin\" allowfullscreen><\/iframe><\/div><\/div><\/div><\/div><div id=\"pgc-688-1-1\"  class=\"panel-grid-cell panel-grid-cell-empty\" ><\/div><div id=\"pgc-688-1-2\"  class=\"panel-grid-cell\" ><div id=\"panel-688-1-2-0\" class=\"widget_text so-panel widget widget_custom_html panel-first-child panel-last-child\" data-index=\"2\" ><div class=\"widget_text so-rounded panel-widget-style panel-widget-style-for-688-1-2-0\" ><div class=\"textwidget custom-html-widget\"><center>Parte 2<\/center><hr>\n<iframe loading=\"lazy\" width=\"988\" height=\"741\" src=\"https:\/\/www.youtube.com\/embed\/vI9wW6OEN-4\" title=\"Pe\u00f1a de Lobos&quot;Expedicion al Espinazo del Diablo&quot; parte 1\" frameborder=\"0\" allow=\"accelerometer; autoplay; clipboard-write; encrypted-media; gyroscope; picture-in-picture; web-share\" referrerpolicy=\"strict-origin-when-cross-origin\" allowfullscreen><\/iframe><\/div><\/div><\/div><\/div><div id=\"pgc-688-1-3\"  class=\"panel-grid-cell panel-grid-cell-empty\" ><\/div><div id=\"pgc-688-1-4\"  class=\"panel-grid-cell\" ><div id=\"panel-688-1-4-0\" class=\"widget_text so-panel widget widget_custom_html panel-first-child panel-last-child\" data-index=\"3\" ><div class=\"widget_text so-rounded panel-widget-style panel-widget-style-for-688-1-4-0\" ><div class=\"textwidget custom-html-widget\"><center>Parte 3<\/center><hr>\n<iframe loading=\"lazy\" width=\"988\" height=\"741\" src=\"https:\/\/www.youtube.com\/embed\/jzCCMUsM2No\" title=\"Pe\u00f1a de Lobos&quot;Expedicion al Espinazo del Diablo&quot; parte 1\" frameborder=\"0\" allow=\"accelerometer; autoplay; clipboard-write; encrypted-media; gyroscope; picture-in-picture; web-share\" referrerpolicy=\"strict-origin-when-cross-origin\" allowfullscreen><\/iframe><\/div><\/div><\/div><\/div><\/div><div id=\"pg-688-2\"  class=\"panel-grid panel-no-style\" ><div id=\"pgc-688-2-0\"  class=\"panel-grid-cell\" ><div id=\"panel-688-2-0-0\" class=\"widget_text so-panel widget widget_custom_html panel-first-child panel-last-child\" data-index=\"4\" ><div class=\"textwidget custom-html-widget\"><h3>Para una experiencia inolvidable y totalmente segura llama al Telefono en la Ciudad de M\u00e9xico al 55-5680-7633.<\/h3><\/div><\/div><\/div><\/div><\/div>","protected":false},"excerpt":{"rendered":"<p>EL VIDEO DE LA EXPEDICI\u00d3N AL ESPINAZO DEL DIABLO Por Martha Ivette Silva Que quede claro que \u00e9ste es el &#8220;Espinazo del Diablo&#8221; de Jilotzingo. Una de las opciones que te ofrece Pe\u00f1a de Lobos en Aventura Extrema, si te gusta el deporte y la diversion sana llama para mayores informes al Tel 56 80 &hellip; <\/p>\n<p class=\"link-more\"><a href=\"https:\/\/pdelobos.com\/pl\/machote-2\/\" class=\"more-link\">Leer m\u00e1s<span class=\"screen-reader-text\"> \u00abExpedici\u00f3n al Espinazo del Diablo en Pe\u00f1a de lobos-\u00bb<\/span><\/a><\/p>\n","protected":false},"author":1,"featured_media":0,"parent":0,"menu_order":0,"comment_status":"closed","ping_status":"closed","template":"","meta":{"inspiro_hide_title":false,"footnotes":""},"class_list":["post-688","page","type-page","status-publish","hentry"],"_links":{"self":[{"href":"https:\/\/pdelobos.com\/pl\/wp-json\/wp\/v2\/pages\/688","targetHints":{"allow":["GET"]}}],"collection":[{"href":"https:\/\/pdelobos.com\/pl\/wp-json\/wp\/v2\/pages"}],"about":[{"href":"https:\/\/pdelobos.com\/pl\/wp-json\/wp\/v2\/types\/page"}],"author":[{"embeddable":true,"href":"https:\/\/pdelobos.com\/pl\/wp-json\/wp\/v2\/users\/1"}],"replies":[{"embeddable":true,"href":"https:\/\/pdelobos.com\/pl\/wp-json\/wp\/v2\/comments?post=688"}],"version-history":[{"count":14,"href":"https:\/\/pdelobos.com\/pl\/wp-json\/wp\/v2\/pages\/688\/revisions"}],"predecessor-version":[{"id":718,"href":"https:\/\/pdelobos.com\/pl\/wp-json\/wp\/v2\/pages\/688\/revisions\/718"}],"wp:attachment":[{"href":"https:\/\/pdelobos.com\/pl\/wp-json\/wp\/v2\/media?parent=688"}],"curies":[{"name":"wp","href":"https:\/\/api.w.org\/{rel}","templated":true}]}}